{"id":22684,"date":"2023-11-04T06:52:27","date_gmt":"2023-11-04T06:52:27","guid":{"rendered":"https:\/\/hs-experts.com\/?page_id=22684"},"modified":"2025-07-07T12:56:34","modified_gmt":"2025-07-07T12:56:34","slug":"impressum","status":"publish","type":"page","link":"https:\/\/hs-experts.com\/en\/impressum\/","title":{"rendered":"Imprint"},"content":{"rendered":"<div data-elementor-type=\"wp-page\" data-elementor-id=\"22684\" class=\"elementor elementor-22684\" data-elementor-post-type=\"page\">\n\t\t\t\t<div class=\"elementor-element elementor-element-cca1f3c e-flex e-con-boxed e-con e-parent\" data-id=\"cca1f3c\" data-element_type=\"container\" data-settings=\"{&quot;background_background&quot;:&quot;classic&quot;}\">\n\t\t\t\t\t<div class=\"e-con-inner\">\n\t\t\t\t\t<\/div>\n\t\t\t\t<\/div>\n\t\t<div class=\"elementor-element elementor-element-3c798cb e-flex e-con-boxed e-con e-parent\" data-id=\"3c798cb\" data-element_type=\"container\">\n\t\t\t\t\t<div class=\"e-con-inner\">\n\t\t\t\t<div class=\"elementor-element elementor-element-5718a5a elementor-widget elementor-widget-text-editor\" data-id=\"5718a5a\" data-element_type=\"widget\" data-widget_type=\"text-editor.default\">\n\t\t\t\t<div class=\"elementor-widget-container\">\n\t\t\t\t\t\t\t\t\t<h1 data-fontsize=\"37\" data-lineheight=\"39\">Imprint<\/h1>\n<h2 data-fontsize=\"40\" data-lineheight=\"40\"><strong>Information according to \u00a7 5 TMG<\/strong><\/h2>\n<p>Health &amp; Safety Experts GmbH<\/p>\n<p>Prenzlauer Allee 33<\/p>\n<p>10405 Berlin<\/p>\n<p>Commercial register: HRB 214230<\/p>\n<p>Register court: Berlin Local Court (Charlottenburg)<\/p>\n<p><strong>Represented by:<\/strong><\/p>\n<p>Bj\u00f6rn Sch\u00f6nemann<\/p>\n<h2 data-fontsize=\"40\" data-lineheight=\"40\"><strong>Contact us<\/strong><\/h2>\n<p>Phone: +49 30 23131523<\/p>\n<p>E-mail: info@hs-experts.com<\/p>\n<h2 data-fontsize=\"40\" data-lineheight=\"40\"><strong>Sales tax ID<\/strong><\/h2>\n<p>Sales tax identification number according to \u00a7 27 a sales tax law:<\/p>\n<p>DE328319702<\/p>\n<h2 data-fontsize=\"40\" data-lineheight=\"40\"><strong>Business identification number<\/strong><\/h2>\n<p>WZ-Code: 74990<\/p>\n<h2 data-fontsize=\"40\" data-lineheight=\"40\"><strong>Information on professional indemnity insurance<\/strong><\/h2>\n<p><strong>Name and registered office of the insurer:<\/strong><\/p>\n<p>HDI Insurance AG<\/p>\n<p>30650 Hanover<\/p>\n<p><strong>Area of validity of the insurance:<\/strong><br>Europe (incl. other EU countries)<\/p>\n<h2 data-fontsize=\"40\" data-lineheight=\"40\"><strong>Editorially responsible<\/strong><\/h2>\n<p>HSE Health &amp; Safety Experts GmbH<\/p>\n<p>Bj\u00f6rn Sch\u00f6nemann<\/p>\n<p>Prenzlauer Allee 33<\/p>\n<p>10405 Berlin<\/p>\n<h2 data-fontsize=\"40\" data-lineheight=\"40\"><strong>EU dispute resolution<\/strong><\/h2>\n<p>The European Commission provides a platform for online dispute resolution (OS):&nbsp;<a href=\"https:\/\/ec.europa.eu\/consumers\/odr\/\" target=\"_blank\" rel=\"noopener noreferrer\">https:\/\/ec.europa.eu\/consumers\/odr\/<\/a>.<br>You can find our e-mail address in the legal notice above.<\/p>\n<h2 data-fontsize=\"40\" data-lineheight=\"40\"><strong>Consumer dispute resolution\/universal arbitration centre<\/strong><\/h2>\n<p>We participate in a dispute resolution procedure before a consumer arbitration board. The universal arbitration board of the Zentrum f\u00fcr Schlichtung e.V., Stra\u00dfburger Stra\u00dfe 8, 77694 Kehl am Rhein (<a href=\"https:\/\/www.verbraucher-schlichter.de\/\" target=\"_blank\" rel=\"noopener noreferrer\">https:\/\/www.verbraucher-schlichter.de<\/a>).<\/p><p><br><\/p>\n<p><\/p>\n\n<p><h3>Credits<\/h3><\/p>\n<p>Icons used: Uicons by <a href=\"https:\/\/www.flaticon.com\/uicons\">Flaticon<\/a><\/p>\t\t\t\t\t\t\t\t<\/div>\n\t\t\t\t<\/div>\n\t\t\t\t\t<\/div>\n\t\t\t\t<\/div>\n\t\t\t\t<\/div>","protected":false},"excerpt":{"rendered":"<p>Imprint Information according to \u00a7 5 TMG Health &amp; Safety Experts GmbH Prenzlauer Allee 33 10405 Berlin Commercial Register: HRB 214230 Register Court: District Court Berlin (Charlottenburg) Represented by: Bj\u00f6rn Sch\u00f6nemann Contact Phone: +49 30 23131523 E-mail: info@hs-experts.com Sales tax ID Sales tax identification number according to \u00a7 27 a Umsatzsteuergesetz: DE328319702 Business identification number WZ-Code: 74990 Information on professional liability insurance Name and registered office of the insurer: HDI Versicherung AG [...]<\/p>","protected":false},"author":2,"featured_media":0,"parent":0,"menu_order":0,"comment_status":"closed","ping_status":"closed","template":"","meta":{"inline_featured_image":false,"footnotes":""},"class_list":["post-22684","page","type-page","status-publish","hentry"],"yoast_head":"<!-- This site is optimized with the Yoast SEO plugin v25.3 - https:\/\/yoast.com\/wordpress\/plugins\/seo\/ -->\n<title>Impressum - HEALTH &amp; SAFETY EXPERTS<\/title>\n<meta name=\"robots\" content=\"index, follow, max-snippet:-1, max-image-preview:large, max-video-preview:-1\" \/>\n<link rel=\"canonical\" href=\"https:\/\/hs-experts.com\/en\/impressum\/\" \/>\n<meta property=\"og:locale\" content=\"en_GB\" \/>\n<meta property=\"og:type\" content=\"article\" \/>\n<meta property=\"og:title\" content=\"Impressum - HEALTH &amp; SAFETY EXPERTS\" \/>\n<meta property=\"og:description\" content=\"Impressum Angaben gem\u00e4\u00df \u00a7 5 TMG Health &amp; Safety Experts GmbH Prenzlauer Allee 33 10405 Berlin Handelsregister: HRB 214230 Registergericht: Amtsgericht Berlin (Charlottenburg) Vertreten durch: Bj\u00f6rn Sch\u00f6nemann Kontakt Telefon: +49 30 23131523 E-Mail:&nbsp;info@hs-experts.com Umsatzsteuer-ID Umsatzsteuer-Identifikationsnummer gem\u00e4\u00df \u00a7 27 a Umsatzsteuergesetz: DE328319702 Wirtschafts\u00adidentifikations\u00adnummer WZ-Code: 74990 Angaben zur Berufs\u00adhaftpflicht\u00adversicherung Name und Sitz des Versicherers: HDI Versicherung AG [&hellip;]\" \/>\n<meta property=\"og:url\" content=\"https:\/\/hs-experts.com\/en\/impressum\/\" \/>\n<meta property=\"og:site_name\" content=\"HEALTH &amp; SAFETY EXPERTS\" \/>\n<meta property=\"article:modified_time\" content=\"2025-07-07T12:56:34+00:00\" \/>\n<meta name=\"twitter:card\" content=\"summary_large_image\" \/>\n<meta name=\"twitter:label1\" content=\"Estimated reading time\" \/>\n\t<meta name=\"twitter:data1\" content=\"1 minute\" \/>\n<script type=\"application\/ld+json\" class=\"yoast-schema-graph\">{\"@context\":\"https:\/\/schema.org\",\"@graph\":[{\"@type\":\"WebPage\",\"@id\":\"https:\/\/hs-experts.com\/impressum\/\",\"url\":\"https:\/\/hs-experts.com\/impressum\/\",\"name\":\"Impressum - HEALTH &amp; SAFETY EXPERTS\",\"isPartOf\":{\"@id\":\"https:\/\/hs-experts.com\/#website\"},\"datePublished\":\"2023-11-04T06:52:27+00:00\",\"dateModified\":\"2025-07-07T12:56:34+00:00\",\"breadcrumb\":{\"@id\":\"https:\/\/hs-experts.com\/impressum\/#breadcrumb\"},\"inLanguage\":\"en-GB\",\"potentialAction\":[{\"@type\":\"ReadAction\",\"target\":[\"https:\/\/hs-experts.com\/impressum\/\"]}]},{\"@type\":\"BreadcrumbList\",\"@id\":\"https:\/\/hs-experts.com\/impressum\/#breadcrumb\",\"itemListElement\":[{\"@type\":\"ListItem\",\"position\":1,\"name\":\"Home\",\"item\":\"https:\/\/hs-experts.com\/\"},{\"@type\":\"ListItem\",\"position\":2,\"name\":\"Impressum\"}]},{\"@type\":\"WebSite\",\"@id\":\"https:\/\/hs-experts.com\/#website\",\"url\":\"https:\/\/hs-experts.com\/\",\"name\":\"HEALTH &amp; SAFETY EXPERTS\",\"description\":\"\",\"potentialAction\":[{\"@type\":\"SearchAction\",\"target\":{\"@type\":\"EntryPoint\",\"urlTemplate\":\"https:\/\/hs-experts.com\/?s={search_term_string}\"},\"query-input\":{\"@type\":\"PropertyValueSpecification\",\"valueRequired\":true,\"valueName\":\"search_term_string\"}}],\"inLanguage\":\"en-GB\"}]}<\/script>\n<!-- \/ Yoast SEO plugin. -->","yoast_head_json":{"title":"Impressum - HEALTH &amp; SAFETY EXPERTS","robots":{"index":"index","follow":"follow","max-snippet":"max-snippet:-1","max-image-preview":"max-image-preview:large","max-video-preview":"max-video-preview:-1"},"canonical":"https:\/\/hs-experts.com\/en\/impressum\/","og_locale":"en_GB","og_type":"article","og_title":"Impressum - HEALTH &amp; SAFETY EXPERTS","og_description":"Impressum Angaben gem\u00e4\u00df \u00a7 5 TMG Health &amp; Safety Experts GmbH Prenzlauer Allee 33 10405 Berlin Handelsregister: HRB 214230 Registergericht: Amtsgericht Berlin (Charlottenburg) Vertreten durch: Bj\u00f6rn Sch\u00f6nemann Kontakt Telefon: +49 30 23131523 E-Mail:&nbsp;info@hs-experts.com Umsatzsteuer-ID Umsatzsteuer-Identifikationsnummer gem\u00e4\u00df \u00a7 27 a Umsatzsteuergesetz: DE328319702 Wirtschafts\u00adidentifikations\u00adnummer WZ-Code: 74990 Angaben zur Berufs\u00adhaftpflicht\u00adversicherung Name und Sitz des Versicherers: HDI Versicherung AG [&hellip;]","og_url":"https:\/\/hs-experts.com\/en\/impressum\/","og_site_name":"HEALTH &amp; SAFETY EXPERTS","article_modified_time":"2025-07-07T12:56:34+00:00","twitter_card":"summary_large_image","twitter_misc":{"Estimated reading time":"1 minute"},"schema":{"@context":"https:\/\/schema.org","@graph":[{"@type":"WebPage","@id":"https:\/\/hs-experts.com\/impressum\/","url":"https:\/\/hs-experts.com\/impressum\/","name":"Impressum - HEALTH &amp; SAFETY EXPERTS","isPartOf":{"@id":"https:\/\/hs-experts.com\/#website"},"datePublished":"2023-11-04T06:52:27+00:00","dateModified":"2025-07-07T12:56:34+00:00","breadcrumb":{"@id":"https:\/\/hs-experts.com\/impressum\/#breadcrumb"},"inLanguage":"en-GB","potentialAction":[{"@type":"ReadAction","target":["https:\/\/hs-experts.com\/impressum\/"]}]},{"@type":"BreadcrumbList","@id":"https:\/\/hs-experts.com\/impressum\/#breadcrumb","itemListElement":[{"@type":"ListItem","position":1,"name":"Home","item":"https:\/\/hs-experts.com\/"},{"@type":"ListItem","position":2,"name":"Impressum"}]},{"@type":"WebSite","@id":"https:\/\/hs-experts.com\/#website","url":"https:\/\/hs-experts.com\/","name":"HEALTH &amp; SAFETY EXPERTS","description":"","potentialAction":[{"@type":"SearchAction","target":{"@type":"EntryPoint","urlTemplate":"https:\/\/hs-experts.com\/?s={search_term_string}"},"query-input":{"@type":"PropertyValueSpecification","valueRequired":true,"valueName":"search_term_string"}}],"inLanguage":"en-GB"}]}},"_hostinger_reach_plugin_has_subscription_block":false,"_hostinger_reach_plugin_is_elementor":false,"_links":{"self":[{"href":"https:\/\/hs-experts.com\/en\/wp-json\/wp\/v2\/pages\/22684","targetHints":{"allow":["GET"]}}],"collection":[{"href":"https:\/\/hs-experts.com\/en\/wp-json\/wp\/v2\/pages"}],"about":[{"href":"https:\/\/hs-experts.com\/en\/wp-json\/wp\/v2\/types\/page"}],"author":[{"embeddable":true,"href":"https:\/\/hs-experts.com\/en\/wp-json\/wp\/v2\/users\/2"}],"replies":[{"embeddable":true,"href":"https:\/\/hs-experts.com\/en\/wp-json\/wp\/v2\/comments?post=22684"}],"version-history":[{"count":11,"href":"https:\/\/hs-experts.com\/en\/wp-json\/wp\/v2\/pages\/22684\/revisions"}],"predecessor-version":[{"id":28832,"href":"https:\/\/hs-experts.com\/en\/wp-json\/wp\/v2\/pages\/22684\/revisions\/28832"}],"wp:attachment":[{"href":"https:\/\/hs-experts.com\/en\/wp-json\/wp\/v2\/media?parent=22684"}],"curies":[{"name":"wp","href":"https:\/\/api.w.org\/{rel}","templated":true}]}}