{"id":22149,"date":"2023-11-01T10:19:09","date_gmt":"2023-11-01T10:19:09","guid":{"rendered":"https:\/\/hs-experts.com\/?page_id=22149"},"modified":"2023-11-01T10:19:09","modified_gmt":"2023-11-01T10:19:09","slug":"flucht-und-rettungsplane","status":"publish","type":"page","link":"https:\/\/hs-experts.com\/en\/krisenmanagement\/flucht-und-rettungsplane\/","title":{"rendered":"Escape and rescue plans"},"content":{"rendered":"<p>An escape and rescue plan is used in an emergency to easily communicate the nearest possible escape and rescue routes. The plan shows all important behavioural instructions, assembly points and fire-fighting equipment, such as fire extinguishers.<\/p>\n<p>Escape and rescue plans are an essential part of the safety standard in public or commercial buildings and structures.<\/p>\n<p>We create escape and rescue plans in accordance with DIN ISO 23601 and ASR A2.3. On request, the plans can also be provided with a multilingual legend.<\/p>","protected":false},"excerpt":{"rendered":"<p>An escape and rescue plan is used in an emergency to easily communicate the nearest possible escape and rescue routes. The plan shows all important behavioural instructions, assembly points and fire-fighting equipment, such as fire extinguishers. Escape and rescue plans are an essential part of the safety standard in public or commercial buildings and structures. We create escape and rescue plans in accordance with DIN ISO [...]<\/p>","protected":false},"author":1,"featured_media":0,"parent":22121,"menu_order":0,"comment_status":"closed","ping_status":"closed","template":"","meta":{"inline_featured_image":false,"footnotes":""},"class_list":["post-22149","page","type-page","status-publish","hentry"],"yoast_head":"<!-- This site is optimized with the Yoast SEO plugin v25.3 - https:\/\/yoast.com\/wordpress\/plugins\/seo\/ -->\n<title>Flucht- und Rettungspl\u00e4ne - HEALTH &amp; SAFETY EXPERTS<\/title>\n<meta name=\"robots\" content=\"index, follow, max-snippet:-1, max-image-preview:large, max-video-preview:-1\" \/>\n<link rel=\"canonical\" href=\"https:\/\/hs-experts.com\/en\/krisenmanagement\/flucht-und-rettungsplane\/\" \/>\n<meta property=\"og:locale\" content=\"en_GB\" \/>\n<meta property=\"og:type\" content=\"article\" \/>\n<meta property=\"og:title\" content=\"Flucht- und Rettungspl\u00e4ne - HEALTH &amp; SAFETY EXPERTS\" \/>\n<meta property=\"og:description\" content=\"Ein Flucht- und Rettungsplan dient im Notfall der einfachen Kommunikation von n\u00e4chstm\u00f6glichen Flucht- und Rettungswegen. Auf dem Plan sind alle wichtigen Verhaltensweisen, Sammelstellen und Brandbek\u00e4mpfungseinrichtungen, wie z.B. Feuerl\u00f6scher zu finden. Flucht- und Rettungspl\u00e4ne gelten als wesentlicher Bestandteil des Sicherheitsstandards in \u00f6ffentlichen oder gewerblichen Geb\u00e4uden sowie baulichen Anlagen. Wir erstellen Flucht- und Rettungspl\u00e4ne nach DIN ISO [&hellip;]\" \/>\n<meta property=\"og:url\" content=\"https:\/\/hs-experts.com\/en\/krisenmanagement\/flucht-und-rettungsplane\/\" \/>\n<meta property=\"og:site_name\" content=\"HEALTH &amp; SAFETY EXPERTS\" \/>\n<meta name=\"twitter:card\" content=\"summary_large_image\" \/>\n<script type=\"application\/ld+json\" class=\"yoast-schema-graph\">{\"@context\":\"https:\/\/schema.org\",\"@graph\":[{\"@type\":\"WebPage\",\"@id\":\"https:\/\/hs-experts.com\/krisenmanagement\/flucht-und-rettungsplane\/\",\"url\":\"https:\/\/hs-experts.com\/krisenmanagement\/flucht-und-rettungsplane\/\",\"name\":\"Flucht- und Rettungspl\u00e4ne - HEALTH &amp; SAFETY EXPERTS\",\"isPartOf\":{\"@id\":\"https:\/\/hs-experts.com\/#website\"},\"datePublished\":\"2023-11-01T10:19:09+00:00\",\"breadcrumb\":{\"@id\":\"https:\/\/hs-experts.com\/krisenmanagement\/flucht-und-rettungsplane\/#breadcrumb\"},\"inLanguage\":\"en-GB\",\"potentialAction\":[{\"@type\":\"ReadAction\",\"target\":[\"https:\/\/hs-experts.com\/krisenmanagement\/flucht-und-rettungsplane\/\"]}]},{\"@type\":\"BreadcrumbList\",\"@id\":\"https:\/\/hs-experts.com\/krisenmanagement\/flucht-und-rettungsplane\/#breadcrumb\",\"itemListElement\":[{\"@type\":\"ListItem\",\"position\":1,\"name\":\"Home\",\"item\":\"https:\/\/hs-experts.com\/\"},{\"@type\":\"ListItem\",\"position\":2,\"name\":\"Krisenmanagement\",\"item\":\"https:\/\/hs-experts.com\/krisenmanagement\/\"},{\"@type\":\"ListItem\",\"position\":3,\"name\":\"Flucht- und Rettungspl\u00e4ne\"}]},{\"@type\":\"WebSite\",\"@id\":\"https:\/\/hs-experts.com\/#website\",\"url\":\"https:\/\/hs-experts.com\/\",\"name\":\"HEALTH &amp; SAFETY EXPERTS\",\"description\":\"\",\"potentialAction\":[{\"@type\":\"SearchAction\",\"target\":{\"@type\":\"EntryPoint\",\"urlTemplate\":\"https:\/\/hs-experts.com\/?s={search_term_string}\"},\"query-input\":{\"@type\":\"PropertyValueSpecification\",\"valueRequired\":true,\"valueName\":\"search_term_string\"}}],\"inLanguage\":\"en-GB\"}]}<\/script>\n<!-- \/ Yoast SEO plugin. -->","yoast_head_json":{"title":"Flucht- und Rettungspl\u00e4ne - HEALTH &amp; SAFETY EXPERTS","robots":{"index":"index","follow":"follow","max-snippet":"max-snippet:-1","max-image-preview":"max-image-preview:large","max-video-preview":"max-video-preview:-1"},"canonical":"https:\/\/hs-experts.com\/en\/krisenmanagement\/flucht-und-rettungsplane\/","og_locale":"en_GB","og_type":"article","og_title":"Flucht- und Rettungspl\u00e4ne - HEALTH &amp; SAFETY EXPERTS","og_description":"Ein Flucht- und Rettungsplan dient im Notfall der einfachen Kommunikation von n\u00e4chstm\u00f6glichen Flucht- und Rettungswegen. Auf dem Plan sind alle wichtigen Verhaltensweisen, Sammelstellen und Brandbek\u00e4mpfungseinrichtungen, wie z.B. Feuerl\u00f6scher zu finden. Flucht- und Rettungspl\u00e4ne gelten als wesentlicher Bestandteil des Sicherheitsstandards in \u00f6ffentlichen oder gewerblichen Geb\u00e4uden sowie baulichen Anlagen. Wir erstellen Flucht- und Rettungspl\u00e4ne nach DIN ISO [&hellip;]","og_url":"https:\/\/hs-experts.com\/en\/krisenmanagement\/flucht-und-rettungsplane\/","og_site_name":"HEALTH &amp; SAFETY EXPERTS","twitter_card":"summary_large_image","schema":{"@context":"https:\/\/schema.org","@graph":[{"@type":"WebPage","@id":"https:\/\/hs-experts.com\/krisenmanagement\/flucht-und-rettungsplane\/","url":"https:\/\/hs-experts.com\/krisenmanagement\/flucht-und-rettungsplane\/","name":"Flucht- und Rettungspl\u00e4ne - HEALTH &amp; SAFETY EXPERTS","isPartOf":{"@id":"https:\/\/hs-experts.com\/#website"},"datePublished":"2023-11-01T10:19:09+00:00","breadcrumb":{"@id":"https:\/\/hs-experts.com\/krisenmanagement\/flucht-und-rettungsplane\/#breadcrumb"},"inLanguage":"en-GB","potentialAction":[{"@type":"ReadAction","target":["https:\/\/hs-experts.com\/krisenmanagement\/flucht-und-rettungsplane\/"]}]},{"@type":"BreadcrumbList","@id":"https:\/\/hs-experts.com\/krisenmanagement\/flucht-und-rettungsplane\/#breadcrumb","itemListElement":[{"@type":"ListItem","position":1,"name":"Home","item":"https:\/\/hs-experts.com\/"},{"@type":"ListItem","position":2,"name":"Krisenmanagement","item":"https:\/\/hs-experts.com\/krisenmanagement\/"},{"@type":"ListItem","position":3,"name":"Flucht- und Rettungspl\u00e4ne"}]},{"@type":"WebSite","@id":"https:\/\/hs-experts.com\/#website","url":"https:\/\/hs-experts.com\/","name":"HEALTH &amp; SAFETY EXPERTS","description":"","potentialAction":[{"@type":"SearchAction","target":{"@type":"EntryPoint","urlTemplate":"https:\/\/hs-experts.com\/?s={search_term_string}"},"query-input":{"@type":"PropertyValueSpecification","valueRequired":true,"valueName":"search_term_string"}}],"inLanguage":"en-GB"}]}},"_hostinger_reach_plugin_has_subscription_block":false,"_hostinger_reach_plugin_is_elementor":false,"_links":{"self":[{"href":"https:\/\/hs-experts.com\/en\/wp-json\/wp\/v2\/pages\/22149","targetHints":{"allow":["GET"]}}],"collection":[{"href":"https:\/\/hs-experts.com\/en\/wp-json\/wp\/v2\/pages"}],"about":[{"href":"https:\/\/hs-experts.com\/en\/wp-json\/wp\/v2\/types\/page"}],"author":[{"embeddable":true,"href":"https:\/\/hs-experts.com\/en\/wp-json\/wp\/v2\/users\/1"}],"replies":[{"embeddable":true,"href":"https:\/\/hs-experts.com\/en\/wp-json\/wp\/v2\/comments?post=22149"}],"version-history":[{"count":1,"href":"https:\/\/hs-experts.com\/en\/wp-json\/wp\/v2\/pages\/22149\/revisions"}],"predecessor-version":[{"id":22150,"href":"https:\/\/hs-experts.com\/en\/wp-json\/wp\/v2\/pages\/22149\/revisions\/22150"}],"up":[{"embeddable":true,"href":"https:\/\/hs-experts.com\/en\/wp-json\/wp\/v2\/pages\/22121"}],"wp:attachment":[{"href":"https:\/\/hs-experts.com\/en\/wp-json\/wp\/v2\/media?parent=22149"}],"curies":[{"name":"wp","href":"https:\/\/api.w.org\/{rel}","templated":true}]}}