{"id":174,"date":"2023-10-05T05:47:26","date_gmt":"2023-10-05T05:47:26","guid":{"rendered":"https:\/\/hs-experts.com\/?page_id=174"},"modified":"2024-07-02T10:15:28","modified_gmt":"2024-07-02T10:15:28","slug":"kontakt","status":"publish","type":"page","link":"https:\/\/hs-experts.com\/en\/kontakt\/","title":{"rendered":"Contact"},"content":{"rendered":"<div data-elementor-type=\"wp-page\" data-elementor-id=\"174\" class=\"elementor elementor-174\" data-elementor-post-type=\"page\">\n\t\t\t\t<div class=\"elementor-element elementor-element-afeba64 e-con-full e-flex e-con e-parent\" data-id=\"afeba64\" data-element_type=\"container\" data-e-type=\"container\" data-settings=\"{&quot;background_background&quot;:&quot;classic&quot;}\">\n\t\t\t\t<div class=\"elementor-element elementor-element-7d8e648 elementor-widget elementor-widget-heading\" data-id=\"7d8e648\" data-element_type=\"widget\" data-e-type=\"widget\" data-widget_type=\"heading.default\">\n\t\t\t\t<div class=\"elementor-widget-container\">\n\t\t\t\t\t<h2 class=\"elementor-heading-title elementor-size-default\">Contact us<\/h2>\t\t\t\t<\/div>\n\t\t\t\t<\/div>\n\t\t\t\t<\/div>\n\t\t<div class=\"elementor-element elementor-element-ad6caf5 e-flex e-con-boxed e-con e-parent\" data-id=\"ad6caf5\" data-element_type=\"container\" data-e-type=\"container\">\n\t\t\t\t\t<div class=\"e-con-inner\">\n\t\t\t\t<div class=\"elementor-element elementor-element-520a20f elementor-widget elementor-widget-heading\" data-id=\"520a20f\" data-element_type=\"widget\" data-e-type=\"widget\" data-widget_type=\"heading.default\">\n\t\t\t\t<div class=\"elementor-widget-container\">\n\t\t\t\t\t<h1 class=\"elementor-heading-title elementor-size-default\">We have more than 15 years of experience in management consulting.<\/h1>\t\t\t\t<\/div>\n\t\t\t\t<\/div>\n\t\t\t\t<div class=\"elementor-element elementor-element-1d6ac2f elementor-widget elementor-widget-text-editor\" data-id=\"1d6ac2f\" data-element_type=\"widget\" data-e-type=\"widget\" data-widget_type=\"text-editor.default\">\n\t\t\t\t<div class=\"elementor-widget-container\">\n\t\t\t\t\t\t\t\t\t<div class=\"fusion-text\"><p>Whether safety engineers, occupational safety specialists, fire safety consultants or occupational physicians.<\/p><p>Our occupational health and safety advisors are there for you in person at our locations across Europe.<\/p><p>The\u00a0<a href=\"https:\/\/hs-experts.com\/en\/about-company\/\">Team<\/a>\u00a0the\u00a0<a href=\"https:\/\/www.linkedin.com\/company\/health-safety-experts\/?originalSubdomain=de\">Health &amp; Safety Experts<\/a>\u00a0\u00a0is looking forward to your enquiry.<\/p><\/div>\t\t\t\t\t\t\t\t<\/div>\n\t\t\t\t<\/div>\n\t\t\t\t\t<\/div>\n\t\t\t\t<\/div>\n\t\t<div class=\"elementor-element elementor-element-f1e6b07 e-flex e-con-boxed e-con e-parent\" data-id=\"f1e6b07\" data-element_type=\"container\" data-e-type=\"container\">\n\t\t\t\t\t<div class=\"e-con-inner\">\n\t\t\t\t<div class=\"elementor-element elementor-element-13c39e4 elementor-widget elementor-widget-html\" data-id=\"13c39e4\" data-element_type=\"widget\" data-e-type=\"widget\" data-widget_type=\"html.default\">\n\t\t\t\t<div class=\"elementor-widget-container\">\n\t\t\t\t\t<div class=\"BorlabsCookie _brlbs-cb-default\"><div class=\"_brlbs-content-blocker\"> <div class=\"_brlbs-default\"> <p>Click on the button to load the content from docs.google.com.<\/p> <p><a class=\"_brlbs-btn\" href=\"#\" data-borlabs-cookie-unblock role=\"button\">Load content<\/a><\/p> <\/div> <\/div><div class=\"borlabs-hide\" data-borlabs-cookie-type=\"content-blocker\" data-borlabs-cookie-id=\"default\"><script type=\"text\/template\">PGlmcmFtZSBzcmM9Imh0dHBzOi8vZG9jcy5nb29nbGUuY29tL2Zvcm1zL2QvZS8xRkFJcFFMU2R0Z2tlajNzaTdONnl1V2Rydm0tUWhUQ0M0U3JIZ3BOZThJN2pXdDZqQ0lMd3cxZy92aWV3Zm9ybT9lbWJlZGRlZD10cnVlIiB3aWR0aD0iNjQwIiBoZWlnaHQ9IjgyMiIgZnJhbWVib3JkZXI9IjAiIG1hcmdpbmhlaWdodD0iMCIgbWFyZ2lud2lkdGg9IjAiPldpcmQgZ2VsYWRlbuKApjwvaWZyYW1lPg==<\/script><\/div><\/div>\t\t\t\t<\/div>\n\t\t\t\t<\/div>\n\t\t\t\t\t<\/div>\n\t\t\t\t<\/div>\n\t\t\t\t<\/div>","protected":false},"excerpt":{"rendered":"<p>Contact We have more than 15 years of experience in management consultancy. Whether safety engineers, occupational safety specialists, fire safety consultants or occupational physicians. Our occupational health and safety consultants are there for you personally at our locations throughout Europe. The Health &amp; Safety Experts team looks forward to receiving your enquiry. Click on the button to load the content from docs.google.com. Load content<\/p>","protected":false},"author":2,"featured_media":0,"parent":0,"menu_order":0,"comment_status":"closed","ping_status":"closed","template":"elementor_header_footer","meta":{"inline_featured_image":false,"footnotes":""},"class_list":["post-174","page","type-page","status-publish","hentry"],"yoast_head":"<!-- This site is optimized with the Yoast SEO plugin v27.4 - https:\/\/yoast.com\/product\/yoast-seo-wordpress\/ -->\n<title>Contact - HEALTH &amp; SAFETY EXPERTS<\/title>\n<meta name=\"robots\" content=\"index, follow, max-snippet:-1, max-image-preview:large, max-video-preview:-1\" \/>\n<link rel=\"canonical\" href=\"https:\/\/hs-experts.com\/en\/kontakt\/\" \/>\n<meta property=\"og:locale\" content=\"en_GB\" \/>\n<meta property=\"og:type\" content=\"article\" \/>\n<meta property=\"og:title\" content=\"Contact - HEALTH &amp; SAFETY EXPERTS\" \/>\n<meta property=\"og:description\" content=\"Kontakt Wir haben mehr als 15 Jahre Erfahrung in der Unternehmensberatung. Ob Sicherheitsingenieur*innen, Fachkr\u00e4fte f\u00fcr Arbeitssicherheit, Brandschutzberater*innen oder Arbeitsmediziner*innen. Unsere Berater*innen f\u00fcr Arbeits- und Gesundheitsschutz sind in unseren europaweiten Standorten pers\u00f6nlich f\u00fcr euch da. Das\u00a0Team\u00a0der\u00a0Health &amp; Safety Experts\u00a0\u00a0freut sich auf Deine Angebotsanfrage. Click on the button to load the content from docs.google.com. Load content\" \/>\n<meta property=\"og:url\" content=\"https:\/\/hs-experts.com\/en\/kontakt\/\" \/>\n<meta property=\"og:site_name\" content=\"HEALTH &amp; SAFETY EXPERTS\" \/>\n<meta property=\"article:modified_time\" content=\"2024-07-02T10:15:28+00:00\" \/>\n<meta name=\"twitter:card\" content=\"summary_large_image\" \/>\n<meta name=\"twitter:label1\" content=\"Estimated reading time\" \/>\n\t<meta name=\"twitter:data1\" content=\"1 minute\" \/>\n<script type=\"application\/ld+json\" class=\"yoast-schema-graph\">{\"@context\":\"https:\\\/\\\/schema.org\",\"@graph\":[{\"@type\":\"WebPage\",\"@id\":\"https:\\\/\\\/hs-experts.com\\\/kontakt\\\/\",\"url\":\"https:\\\/\\\/hs-experts.com\\\/kontakt\\\/\",\"name\":\"Contact - HEALTH &amp; SAFETY EXPERTS\",\"isPartOf\":{\"@id\":\"https:\\\/\\\/hs-experts.com\\\/#website\"},\"datePublished\":\"2023-10-05T05:47:26+00:00\",\"dateModified\":\"2024-07-02T10:15:28+00:00\",\"breadcrumb\":{\"@id\":\"https:\\\/\\\/hs-experts.com\\\/kontakt\\\/#breadcrumb\"},\"inLanguage\":\"en-GB\",\"potentialAction\":[{\"@type\":\"ReadAction\",\"target\":[\"https:\\\/\\\/hs-experts.com\\\/kontakt\\\/\"]}]},{\"@type\":\"BreadcrumbList\",\"@id\":\"https:\\\/\\\/hs-experts.com\\\/kontakt\\\/#breadcrumb\",\"itemListElement\":[{\"@type\":\"ListItem\",\"position\":1,\"name\":\"Home\",\"item\":\"https:\\\/\\\/hs-experts.com\\\/\"},{\"@type\":\"ListItem\",\"position\":2,\"name\":\"Contact\"}]},{\"@type\":\"WebSite\",\"@id\":\"https:\\\/\\\/hs-experts.com\\\/#website\",\"url\":\"https:\\\/\\\/hs-experts.com\\\/\",\"name\":\"HEALTH &amp; SAFETY EXPERTS\",\"description\":\"\",\"potentialAction\":[{\"@type\":\"SearchAction\",\"target\":{\"@type\":\"EntryPoint\",\"urlTemplate\":\"https:\\\/\\\/hs-experts.com\\\/?s={search_term_string}\"},\"query-input\":{\"@type\":\"PropertyValueSpecification\",\"valueRequired\":true,\"valueName\":\"search_term_string\"}}],\"inLanguage\":\"en-GB\"}]}<\/script>\n<!-- \/ Yoast SEO plugin. -->","yoast_head_json":{"title":"Contact - HEALTH &amp; SAFETY EXPERTS","robots":{"index":"index","follow":"follow","max-snippet":"max-snippet:-1","max-image-preview":"max-image-preview:large","max-video-preview":"max-video-preview:-1"},"canonical":"https:\/\/hs-experts.com\/en\/kontakt\/","og_locale":"en_GB","og_type":"article","og_title":"Contact - HEALTH &amp; SAFETY EXPERTS","og_description":"Kontakt Wir haben mehr als 15 Jahre Erfahrung in der Unternehmensberatung. Ob Sicherheitsingenieur*innen, Fachkr\u00e4fte f\u00fcr Arbeitssicherheit, Brandschutzberater*innen oder Arbeitsmediziner*innen. Unsere Berater*innen f\u00fcr Arbeits- und Gesundheitsschutz sind in unseren europaweiten Standorten pers\u00f6nlich f\u00fcr euch da. Das\u00a0Team\u00a0der\u00a0Health &amp; Safety Experts\u00a0\u00a0freut sich auf Deine Angebotsanfrage. Click on the button to load the content from docs.google.com. Load content","og_url":"https:\/\/hs-experts.com\/en\/kontakt\/","og_site_name":"HEALTH &amp; SAFETY EXPERTS","article_modified_time":"2024-07-02T10:15:28+00:00","twitter_card":"summary_large_image","twitter_misc":{"Estimated reading time":"1 minute"},"schema":{"@context":"https:\/\/schema.org","@graph":[{"@type":"WebPage","@id":"https:\/\/hs-experts.com\/kontakt\/","url":"https:\/\/hs-experts.com\/kontakt\/","name":"Contact - HEALTH &amp; SAFETY EXPERTS","isPartOf":{"@id":"https:\/\/hs-experts.com\/#website"},"datePublished":"2023-10-05T05:47:26+00:00","dateModified":"2024-07-02T10:15:28+00:00","breadcrumb":{"@id":"https:\/\/hs-experts.com\/kontakt\/#breadcrumb"},"inLanguage":"en-GB","potentialAction":[{"@type":"ReadAction","target":["https:\/\/hs-experts.com\/kontakt\/"]}]},{"@type":"BreadcrumbList","@id":"https:\/\/hs-experts.com\/kontakt\/#breadcrumb","itemListElement":[{"@type":"ListItem","position":1,"name":"Home","item":"https:\/\/hs-experts.com\/"},{"@type":"ListItem","position":2,"name":"Contact"}]},{"@type":"WebSite","@id":"https:\/\/hs-experts.com\/#website","url":"https:\/\/hs-experts.com\/","name":"HEALTH &amp; SAFETY EXPERTS","description":"","potentialAction":[{"@type":"SearchAction","target":{"@type":"EntryPoint","urlTemplate":"https:\/\/hs-experts.com\/?s={search_term_string}"},"query-input":{"@type":"PropertyValueSpecification","valueRequired":true,"valueName":"search_term_string"}}],"inLanguage":"en-GB"}]}},"_hostinger_reach_plugin_has_subscription_block":false,"_hostinger_reach_plugin_is_elementor":false,"_links":{"self":[{"href":"https:\/\/hs-experts.com\/en\/wp-json\/wp\/v2\/pages\/174","targetHints":{"allow":["GET"]}}],"collection":[{"href":"https:\/\/hs-experts.com\/en\/wp-json\/wp\/v2\/pages"}],"about":[{"href":"https:\/\/hs-experts.com\/en\/wp-json\/wp\/v2\/types\/page"}],"author":[{"embeddable":true,"href":"https:\/\/hs-experts.com\/en\/wp-json\/wp\/v2\/users\/2"}],"replies":[{"embeddable":true,"href":"https:\/\/hs-experts.com\/en\/wp-json\/wp\/v2\/comments?post=174"}],"version-history":[{"count":32,"href":"https:\/\/hs-experts.com\/en\/wp-json\/wp\/v2\/pages\/174\/revisions"}],"predecessor-version":[{"id":26786,"href":"https:\/\/hs-experts.com\/en\/wp-json\/wp\/v2\/pages\/174\/revisions\/26786"}],"wp:attachment":[{"href":"https:\/\/hs-experts.com\/en\/wp-json\/wp\/v2\/media?parent=174"}],"curies":[{"name":"wp","href":"https:\/\/api.w.org\/{rel}","templated":true}]}}